{"id":152,"date":"2024-04-23T10:51:49","date_gmt":"2024-04-23T13:51:49","guid":{"rendered":"https:\/\/site.flagstats.app\/pt\/?page_id=152"},"modified":"2024-04-23T10:52:11","modified_gmt":"2024-04-23T13:52:11","slug":"faq","status":"publish","type":"page","link":"https:\/\/site.flagstats.app\/pt\/faq\/","title":{"rendered":"Perguntas Frequentes"},"content":{"rendered":"\n<div id=\"faq\" class=\"wp-block-group has-base-2-background-color has-background has-global-padding is-layout-constrained wp-container-core-group-is-layout-b041893e wp-block-group-is-layout-constrained\" style=\"padding-top:20px;padding-bottom:20px\">\n<h2 class=\"wp-block-heading has-text-align-center has-contrast-color has-text-color has-link-color wp-elements-10203fb862c0cc78d3511a40400745ad\" id=\"aqui-estao-algumas-perguntas-frequentes-sobre-o-flagstats\" style=\"font-size:clamp(0.875rem, 0.875rem + ((1vw - 0.2rem) * 0.708), 1.3rem);font-style:normal;font-weight:700\">Aqui est\u00e3o algumas perguntas frequentes sobre o FlagStats:<\/h2>\n\n\n\n<div class=\"wp-block-greenshift-blocks-accordion gs-accordion gspb_accordion-id-gsbp-701a9fa togglelogic\" id=\"gspb_accordion-id-gsbp-701a9fa\" itemscope itemtype=\"\">\n<div class=\"wp-block-greenshift-blocks-accordionitem gs-accordion-item gspb_accordionitem-gsbp-a84a099 gsclose\" id=\"gspb_accordionitem-gsbp-a84a099\" itemscope><div id=\"gs-trigger-gsbp-701a9fa-0\" class=\"gs-accordion-item__title\" aria-expanded=\"false\" role=\"button\" tabindex=\"0\" aria-controls=\"gspb-accordion-item-content-gsbp-a84a099\"><div class=\"gs-accordion-item__heading\">O que \u00e9 o Flag Stats?<\/div><meta itemprop=\"name\" content=\"O que \u00e9 o Flag Stats?\"\/><span class=\"iconfortoggle\"><span class=\"gs-iconbefore\"><\/span><span class=\"gs-iconafter\"><\/span><\/span><\/div><div aria-labelledby=\"gs-trigger-gsbp-701a9fa-0\" class=\"gs-accordion-item__content\" itemscope id=\"gspb-accordion-item-content-gsbp-a84a099\" aria-hidden=\"true\"><div class=\"gs-accordion-item__text\" itemprop=\"text\">\n<p>O Flag Stats \u00e9 um aplicativo de estat\u00edsticas para o esporte flag football. Com o aplicativo, voc\u00ea pode acompanhar o desempenho do seu time em treinos, amistosos e partidas, al\u00e9m de ter acesso a estat\u00edsticas detalhadas sobre cada jogador e jogo<\/p>\n<\/div><\/div><\/div>\n\n\n\n<div class=\"wp-block-greenshift-blocks-accordionitem gs-accordion-item gspb_accordionitem-gsbp-f80fc78 gsclose\" id=\"gspb_accordionitem-gsbp-f80fc78\" itemscope><div id=\"gs-trigger-gsbp-701a9fa-1\" class=\"gs-accordion-item__title\" aria-expanded=\"false\" role=\"button\" tabindex=\"0\" aria-controls=\"gspb-accordion-item-content-gsbp-f80fc78\"><div class=\"gs-accordion-item__heading\">Como fa\u00e7o para criar uma conta no Flag Stats?<\/div><meta itemprop=\"name\" content=\"Como fa\u00e7o para criar uma conta no Flag Stats?\"\/><span class=\"iconfortoggle\"><span class=\"gs-iconbefore\"><\/span><span class=\"gs-iconafter\"><\/span><\/span><\/div><div aria-labelledby=\"gs-trigger-gsbp-701a9fa-1\" class=\"gs-accordion-item__content\" itemscope id=\"gspb-accordion-item-content-gsbp-f80fc78\" aria-hidden=\"true\"><div class=\"gs-accordion-item__text\" itemprop=\"text\">\n<p>Para criar uma conta no Flag Stats, acesse o link <a href=\"https:\/\/flagstats.app\" target=\"_blank\" rel=\"noreferrer noopener\">http:\/\/flagstats.app<\/a>, siga as instru\u00e7\u00f5es para criar uma nova conta e preencha as informa\u00e7\u00f5es solicitadas.<\/p>\n<\/div><\/div><\/div>\n\n\n\n<div class=\"wp-block-greenshift-blocks-accordionitem gs-accordion-item gspb_accordionitem-gsbp-6b1b014 gsclose\" id=\"gspb_accordionitem-gsbp-6b1b014\" itemscope><div id=\"gs-trigger-gsbp-701a9fa-2\" class=\"gs-accordion-item__title\" aria-expanded=\"false\" role=\"button\" tabindex=\"0\" aria-controls=\"gspb-accordion-item-content-gsbp-6b1b014\"><div class=\"gs-accordion-item__heading\">O que acontece se eu precisar de suporte?<\/div><meta itemprop=\"name\" content=\"O que acontece se eu precisar de suporte?\"\/><span class=\"iconfortoggle\"><span class=\"gs-iconbefore\"><\/span><span class=\"gs-iconafter\"><\/span><\/span><\/div><div aria-labelledby=\"gs-trigger-gsbp-701a9fa-2\" class=\"gs-accordion-item__content\" itemscope id=\"gspb-accordion-item-content-gsbp-6b1b014\" aria-hidden=\"true\"><div class=\"gs-accordion-item__text\" itemprop=\"text\">\n<p>Oferecemos suporte por e-mail para ajud\u00e1-lo com quaisquer problemas ou d\u00favidas relacionados ao aplicativo. Entre em contato conosco atrav\u00e9s do e-mail<\/p>\n<\/div><\/div><\/div>\n\n\n\n<div class=\"wp-block-greenshift-blocks-accordionitem gs-accordion-item gspb_accordionitem-gsbp-a8de90d gsclose\" id=\"gspb_accordionitem-gsbp-a8de90d\" itemscope><div id=\"gs-trigger-gsbp-701a9fa-3\" class=\"gs-accordion-item__title\" aria-expanded=\"false\" role=\"button\" tabindex=\"0\" aria-controls=\"gspb-accordion-item-content-gsbp-a8de90d\"><div class=\"gs-accordion-item__heading\">Como fa\u00e7o para resetar minha senha?<\/div><meta itemprop=\"name\" content=\"Como fa\u00e7o para resetar minha senha?\"\/><span class=\"iconfortoggle\"><span class=\"gs-iconbefore\"><\/span><span class=\"gs-iconafter\"><\/span><\/span><\/div><div aria-labelledby=\"gs-trigger-gsbp-701a9fa-3\" class=\"gs-accordion-item__content\" itemscope id=\"gspb-accordion-item-content-gsbp-a8de90d\" aria-hidden=\"true\"><div class=\"gs-accordion-item__text\" itemprop=\"text\">\n<p>Se voc\u00ea esqueceu sua senha, basta selecionar a op\u00e7\u00e3o &#8220;Esqueceu sua senha?&#8221; na tela de login do aplicativo e seguir as instru\u00e7\u00f5es para redefinir sua senha.<\/p>\n<\/div><\/div><\/div>\n\n\n\n<div class=\"wp-block-greenshift-blocks-accordionitem gs-accordion-item gspb_accordionitem-gsbp-fa34708 gsclose\" id=\"gspb_accordionitem-gsbp-fa34708\" itemscope><div id=\"gs-trigger-gsbp-701a9fa-4\" class=\"gs-accordion-item__title\" aria-expanded=\"false\" role=\"button\" tabindex=\"0\" aria-controls=\"gspb-accordion-item-content-gsbp-fa34708\"><div class=\"gs-accordion-item__heading\">Como fa\u00e7o para adicionar atletas \u00e0 minha equipe no Flag Stats?<\/div><meta itemprop=\"name\" content=\"Como fa\u00e7o para adicionar atletas \u00e0 minha equipe no Flag Stats?\"\/><span class=\"iconfortoggle\"><span class=\"gs-iconbefore\"><\/span><span class=\"gs-iconafter\"><\/span><\/span><\/div><div aria-labelledby=\"gs-trigger-gsbp-701a9fa-4\" class=\"gs-accordion-item__content\" itemscope id=\"gspb-accordion-item-content-gsbp-fa34708\" aria-hidden=\"true\"><div class=\"gs-accordion-item__text\" itemprop=\"text\">\n<p>Para adicionar atletas \u00e0 sua equipe, v\u00e1 para a se\u00e7\u00e3o &#8220;Atletas&#8221; no aplicativo e selecione a op\u00e7\u00e3o &#8220;+&#8221; no cabe\u00e7alho. Insira as informa\u00e7\u00f5es do atleta e clique em &#8220;Salvar&#8221; para concluir.<\/p>\n<\/div><\/div><\/div>\n\n\n\n<div class=\"wp-block-greenshift-blocks-accordionitem gs-accordion-item gspb_accordionitem-gsbp-322db7f gsclose\" id=\"gspb_accordionitem-gsbp-322db7f\" itemscope><div id=\"gs-trigger-gsbp-701a9fa-5\" class=\"gs-accordion-item__title\" aria-expanded=\"false\" role=\"button\" tabindex=\"0\" aria-controls=\"gspb-accordion-item-content-gsbp-322db7f\"><div class=\"gs-accordion-item__heading\">O Flag Stats est\u00e1 dispon\u00edvel em quais idiomas?<\/div><meta itemprop=\"name\" content=\"O Flag Stats est\u00e1 dispon\u00edvel em quais idiomas?\"\/><span class=\"iconfortoggle\"><span class=\"gs-iconbefore\"><\/span><span class=\"gs-iconafter\"><\/span><\/span><\/div><div aria-labelledby=\"gs-trigger-gsbp-701a9fa-5\" class=\"gs-accordion-item__content\" itemscope id=\"gspb-accordion-item-content-gsbp-322db7f\" aria-hidden=\"true\"><div class=\"gs-accordion-item__text\" itemprop=\"text\">\n<p>Atualmente, o Flag Stats est\u00e1 dispon\u00edvel apenas em portugu\u00eas e, em breve, estar\u00e1 dispon\u00edvel em ingl\u00eas tamb\u00e9m.<\/p>\n<\/div><\/div><\/div>\n\n\n\n<div class=\"wp-block-greenshift-blocks-accordionitem gs-accordion-item gspb_accordionitem-gsbp-f03199e gsclose\" id=\"gspb_accordionitem-gsbp-f03199e\" itemscope><div id=\"gs-trigger-gsbp-701a9fa-6\" class=\"gs-accordion-item__title\" aria-expanded=\"false\" role=\"button\" tabindex=\"0\" aria-controls=\"gspb-accordion-item-content-gsbp-f03199e\"><div class=\"gs-accordion-item__heading\">Como fa\u00e7o para atualizar minhas informa\u00e7\u00f5es de perfil?<\/div><meta itemprop=\"name\" content=\"Como fa\u00e7o para atualizar minhas informa\u00e7\u00f5es de perfil?\"\/><span class=\"iconfortoggle\"><span class=\"gs-iconbefore\"><\/span><span class=\"gs-iconafter\"><\/span><\/span><\/div><div aria-labelledby=\"gs-trigger-gsbp-701a9fa-6\" class=\"gs-accordion-item__content\" itemscope id=\"gspb-accordion-item-content-gsbp-f03199e\" aria-hidden=\"true\"><div class=\"gs-accordion-item__text\" itemprop=\"text\">\n<p>Para atualizar suas informa\u00e7\u00f5es de perfil, v\u00e1 para a se\u00e7\u00e3o &#8220;Time&#8221; no aplicativo. Fa\u00e7a as altera\u00e7\u00f5es necess\u00e1rias e clique em &#8220;Continuar&#8221; para concluir.<\/p>\n<\/div><\/div><\/div>\n\n\n\n<div class=\"wp-block-greenshift-blocks-accordionitem gs-accordion-item gspb_accordionitem-gsbp-e6db60b gsclose\" id=\"gspb_accordionitem-gsbp-e6db60b\" itemscope><div id=\"gs-trigger-gsbp-701a9fa-7\" class=\"gs-accordion-item__title\" aria-expanded=\"false\" role=\"button\" tabindex=\"0\" aria-controls=\"gspb-accordion-item-content-gsbp-e6db60b\"><div class=\"gs-accordion-item__heading\">O Flag Stats est\u00e1 dispon\u00edvel para download em uma loja de aplicativos?<\/div><meta itemprop=\"name\" content=\"O Flag Stats est\u00e1 dispon\u00edvel para download em uma loja de aplicativos?\"\/><span class=\"iconfortoggle\"><span class=\"gs-iconbefore\"><\/span><span class=\"gs-iconafter\"><\/span><\/span><\/div><div aria-labelledby=\"gs-trigger-gsbp-701a9fa-7\" class=\"gs-accordion-item__content\" itemscope id=\"gspb-accordion-item-content-gsbp-e6db60b\" aria-hidden=\"true\"><div class=\"gs-accordion-item__text\" itemprop=\"text\">\n<p>N\u00e3o, o Flag Stats \u00e9 um aplicativo PWA e pode ser acessado por meio de um navegador da web. N\u00e3o \u00e9 necess\u00e1rio baixar o aplicativo por meio de uma loja de aplicativos.<\/p>\n<\/div><\/div><\/div>\n\n\n\n<div class=\"wp-block-greenshift-blocks-accordionitem gs-accordion-item gspb_accordionitem-gsbp-7844929 gsclose\" id=\"gspb_accordionitem-gsbp-7844929\" itemscope><div id=\"gs-trigger-gsbp-701a9fa-8\" class=\"gs-accordion-item__title\" aria-expanded=\"false\" role=\"button\" tabindex=\"0\" aria-controls=\"gspb-accordion-item-content-gsbp-7844929\"><div class=\"gs-accordion-item__heading\">O que \u00e9 um PWA?<\/div><meta itemprop=\"name\" content=\"O que \u00e9 um PWA?\"\/><span class=\"iconfortoggle\"><span class=\"gs-iconbefore\"><\/span><span class=\"gs-iconafter\"><\/span><\/span><\/div><div aria-labelledby=\"gs-trigger-gsbp-701a9fa-8\" class=\"gs-accordion-item__content\" itemscope id=\"gspb-accordion-item-content-gsbp-7844929\" aria-hidden=\"true\"><div class=\"gs-accordion-item__text\" itemprop=\"text\">\n<p>Um PWA \u00e9 um aplicativo web que pode ser instalado em um dispositivo como um aplicativo nativo, oferecendo uma experi\u00eancia de usu\u00e1rio semelhante. Eles s\u00e3o acess\u00edveis por meio de um navegador da web e n\u00e3o precisam ser baixados por meio de uma loja de aplicativos.<\/p>\n<\/div><\/div><\/div>\n\n\n\n<div class=\"wp-block-greenshift-blocks-accordionitem gs-accordion-item gspb_accordionitem-gsbp-8dc5c47 gsclose\" id=\"gspb_accordionitem-gsbp-8dc5c47\" itemscope><div id=\"gs-trigger-gsbp-701a9fa-9\" class=\"gs-accordion-item__title\" aria-expanded=\"false\" role=\"button\" tabindex=\"0\" aria-controls=\"gspb-accordion-item-content-gsbp-8dc5c47\"><div class=\"gs-accordion-item__heading\">Quais dispositivos e navegadores s\u00e3o compat\u00edveis com o Flag Stats?<\/div><meta itemprop=\"name\" content=\"Quais dispositivos e navegadores s\u00e3o compat\u00edveis com o Flag Stats?\"\/><span class=\"iconfortoggle\"><span class=\"gs-iconbefore\"><\/span><span class=\"gs-iconafter\"><\/span><\/span><\/div><div aria-labelledby=\"gs-trigger-gsbp-701a9fa-9\" class=\"gs-accordion-item__content\" itemscope id=\"gspb-accordion-item-content-gsbp-8dc5c47\" aria-hidden=\"true\"><div class=\"gs-accordion-item__text\" itemprop=\"text\">\n<p>O Flag Stats \u00e9 compat\u00edvel com a maioria dos dispositivos m\u00f3veis modernos, incluindo smartphones e tablets. Para acessar o aplicativo, \u00e9 necess\u00e1rio ter um navegador da web atualizado, como o Google Chrome, o Mozilla Firefox ou o Safari.<\/p>\n<\/div><\/div><\/div>\n\n\n\n<div class=\"wp-block-greenshift-blocks-accordionitem gs-accordion-item gspb_accordionitem-gsbp-d3285f2 gsclose\" id=\"gspb_accordionitem-gsbp-d3285f2\" itemscope><div id=\"gs-trigger-gsbp-701a9fa-10\" class=\"gs-accordion-item__title\" aria-expanded=\"false\" role=\"button\" tabindex=\"0\" aria-controls=\"gspb-accordion-item-content-gsbp-d3285f2\"><div class=\"gs-accordion-item__heading\">Como posso instalar o Flag Stats no meu dispositivo?<\/div><meta itemprop=\"name\" content=\"Como posso instalar o Flag Stats no meu dispositivo?\"\/><span class=\"iconfortoggle\"><span class=\"gs-iconbefore\"><\/span><span class=\"gs-iconafter\"><\/span><\/span><\/div><div aria-labelledby=\"gs-trigger-gsbp-701a9fa-10\" class=\"gs-accordion-item__content\" itemscope id=\"gspb-accordion-item-content-gsbp-d3285f2\" aria-hidden=\"true\"><div class=\"gs-accordion-item__text\" itemprop=\"text\">\n<p>Ao acessar o Flag Stats em um navegador da web, voc\u00ea pode optar por adicionar um atalho para o aplicativo na tela inicial do seu dispositivo. Basta selecionar a op\u00e7\u00e3o &#8220;Adicionar \u00e0 tela inicial&#8221; no menu do navegador.<\/p>\n<\/div><\/div><\/div>\n\n\n\n<div class=\"wp-block-greenshift-blocks-accordionitem gs-accordion-item gspb_accordionitem-gsbp-5c5f843 gsclose\" id=\"gspb_accordionitem-gsbp-5c5f843\" itemscope><div id=\"gs-trigger-gsbp-701a9fa-11\" class=\"gs-accordion-item__title\" aria-expanded=\"false\" role=\"button\" tabindex=\"0\" aria-controls=\"gspb-accordion-item-content-gsbp-5c5f843\"><div class=\"gs-accordion-item__heading\">Como funciona a sincroniza\u00e7\u00e3o de dados no Flag Stats?<\/div><meta itemprop=\"name\" content=\"Como funciona a sincroniza\u00e7\u00e3o de dados no Flag Stats?\"\/><span class=\"iconfortoggle\"><span class=\"gs-iconbefore\"><\/span><span class=\"gs-iconafter\"><\/span><\/span><\/div><div aria-labelledby=\"gs-trigger-gsbp-701a9fa-11\" class=\"gs-accordion-item__content\" itemscope id=\"gspb-accordion-item-content-gsbp-5c5f843\" aria-hidden=\"true\"><div class=\"gs-accordion-item__text\" itemprop=\"text\">\n<p>Os dados s\u00e3o sincronizados automaticamente entre os dispositivos, desde que voc\u00ea esteja conectado \u00e0 Internet. Isso permite que voc\u00ea acesse as mesmas informa\u00e7\u00f5es de qualquer dispositivo, sem precisar transferir manualmente os dados, al\u00e9m disso, mais de um acesso pode ser feito ao mesmo tempo.<\/p>\n<\/div><\/div><\/div>\n\n\n\n<div class=\"wp-block-greenshift-blocks-accordionitem gs-accordion-item gspb_accordionitem-gsbp-5c6d80c gsclose\" id=\"gspb_accordionitem-gsbp-5c6d80c\" itemscope><div id=\"gs-trigger-gsbp-701a9fa-12\" class=\"gs-accordion-item__title\" aria-expanded=\"false\" role=\"button\" tabindex=\"0\" aria-controls=\"gspb-accordion-item-content-gsbp-5c6d80c\"><div class=\"gs-accordion-item__heading\">Quais recursos de seguran\u00e7a o Flag Stats oferece?<\/div><meta itemprop=\"name\" content=\"Quais recursos de seguran\u00e7a o Flag Stats oferece?\"\/><span class=\"iconfortoggle\"><span class=\"gs-iconbefore\"><\/span><span class=\"gs-iconafter\"><\/span><\/span><\/div><div aria-labelledby=\"gs-trigger-gsbp-701a9fa-12\" class=\"gs-accordion-item__content\" itemscope id=\"gspb-accordion-item-content-gsbp-5c6d80c\" aria-hidden=\"true\"><div class=\"gs-accordion-item__text\" itemprop=\"text\">\n<p>O Flag Stats utiliza criptografia de dados para proteger as informa\u00e7\u00f5es inseridas no aplicativo, todos os dados transitam em ambiente seguro (SSL). S\u00e3o realizados backups per\u00edodos dos dados.<\/p>\n<\/div><\/div><\/div>\n\n\n\n<div class=\"wp-block-greenshift-blocks-accordionitem gs-accordion-item gspb_accordionitem-gsbp-72137c9 gsclose\" id=\"gspb_accordionitem-gsbp-72137c9\" itemscope><div id=\"gs-trigger-gsbp-701a9fa-13\" class=\"gs-accordion-item__title\" aria-expanded=\"false\" role=\"button\" tabindex=\"0\" aria-controls=\"gspb-accordion-item-content-gsbp-72137c9\"><div class=\"gs-accordion-item__heading\">Como fa\u00e7o para cancelar minha assinatura do Flag Stats?<\/div><meta itemprop=\"name\" content=\"Como fa\u00e7o para cancelar minha assinatura do Flag Stats?\"\/><span class=\"iconfortoggle\"><span class=\"gs-iconbefore\"><\/span><span class=\"gs-iconafter\"><\/span><\/span><\/div><div aria-labelledby=\"gs-trigger-gsbp-701a9fa-13\" class=\"gs-accordion-item__content\" itemscope id=\"gspb-accordion-item-content-gsbp-72137c9\" aria-hidden=\"true\"><div class=\"gs-accordion-item__text\" itemprop=\"text\">\n<p>Voc\u00ea pode cancelar sua assinatura a qualquer momento acessando suas configura\u00e7\u00f5es de conta no aplicativo. Ap\u00f3s o cancelamento, voc\u00ea ainda ter\u00e1 acesso aos dados salvos no aplicativo at\u00e9 o final do per\u00edodo de assinatura atual.<\/p>\n<\/div><\/div><\/div>\n\n\n\n<div class=\"wp-block-greenshift-blocks-accordionitem gs-accordion-item gspb_accordionitem-gsbp-e8da940 gsclose\" id=\"gspb_accordionitem-gsbp-e8da940\" itemscope><div id=\"gs-trigger-gsbp-701a9fa-14\" class=\"gs-accordion-item__title\" aria-expanded=\"false\" role=\"button\" tabindex=\"0\" aria-controls=\"gspb-accordion-item-content-gsbp-e8da940\"><div class=\"gs-accordion-item__heading\">O Flag Stats tem algum custo?<\/div><meta itemprop=\"name\" content=\"O Flag Stats tem algum custo?\"\/><span class=\"iconfortoggle\"><span class=\"gs-iconbefore\"><\/span><span class=\"gs-iconafter\"><\/span><\/span><\/div><div aria-labelledby=\"gs-trigger-gsbp-701a9fa-14\" class=\"gs-accordion-item__content\" itemscope id=\"gspb-accordion-item-content-gsbp-e8da940\" aria-hidden=\"true\"><div class=\"gs-accordion-item__text\" itemprop=\"text\">\n<p>O Flag Stats oferece um per\u00edodo de teste gratuito de 2 meses. Depois disso, \u00e9 necess\u00e1rio escolher um plano de assinatura para continuar usando o aplicativo. Os planos incluem uma assinatura mensal de R$49,90, trimestral de R$259,90 e anual de R$499,90.<\/p>\n<\/div><\/div><\/div>\n<\/div>\n\n\n\n<p>Esperamos que essas perguntas frequentes tenham ajudado a esclarecer suas d\u00favidas sobre o Flag Stats. Se voc\u00ea tiver outras perguntas ou preocupa\u00e7\u00f5es, entre em contato conosco atrav\u00e9s do e-mail <a href=\"mailto:flagstats@gssolutions.com.br\">flagstats@gssolutions.com.br<\/a> e ficaremos felizes em ajudar.<\/p>\n<\/div>\n","protected":false},"excerpt":{"rendered":"","protected":false},"author":1,"featured_media":0,"parent":0,"menu_order":0,"comment_status":"closed","ping_status":"closed","template":"","meta":{"_gspb_post_css":"@keyframes stuckMoveDownOpacity{0%{transform:translateY(-15px);opacity:0}to{transform:translateY(0);opacity:1}}#gspb_accordion-id-gsbp-701a9fa .gs-accordion-item.gsclose>.gs-accordion-item__content{display:none}#gspb_accordion-id-gsbp-701a9fa .gs-accordion-item>.gs-accordion-item__title>.gs-accordion-item__heading{outline:0;text-decoration:none;margin:0!important;padding:0!important;flex-grow:1}#gspb_accordion-id-gsbp-701a9fa .gs-accordion-item>.gs-accordion-item__title{z-index:1;margin:0;cursor:pointer;transition:all .3s ease-in-out;position:relative;display:flex;justify-content:space-between;align-items:center;flex-wrap:nowrap}#gspb_accordion-id-gsbp-701a9fa .gs-accordion-item>.gs-accordion-item__content{z-index:0;position:relative}#gspb_accordion-id-gsbp-701a9fa .gs-accordion-item>.gs-accordion-item__content.stuckMoveDownOpacity{animation:stuckMoveDownOpacity .6s}#gspb_accordion-id-gsbp-701a9fa .gs-accordion-item>.gs-accordion-item__title{background-color:#eee;border-style:solid;border-width:1px;border-color:#00000012}#gspb_accordion-id-gsbp-701a9fa .gs-accordion-item>.gs-accordion-item__title:hover{background-color:#ccc!important}#gspb_accordion-id-gsbp-701a9fa .gs-accordion-item.gsopen>.gs-accordion-item__title{background-color:#ccc}#gspb_accordion-id-gsbp-701a9fa .gs-accordion-item>.gs-accordion-item__content{background-color:#fff;border-style:solid;border-width:1px;border-color:#00000000 #00000012 #00000012;padding:15px 20px}#gspb_accordion-id-gsbp-701a9fa .gs-accordion-item>.gs-accordion-item__title span.iconfortoggle{margin-left:15px;display:inline-block;height:14px;width:14px;position:relative}#gspb_accordion-id-gsbp-701a9fa .gs-accordion-item{margin-bottom:0}#gspb_accordion-id-gsbp-701a9fa .gs-accordion-item>.gs-accordion-item__title{padding:15px 20px}.gs-accordion .gs-accordion-item.gsopen .gs-accordion-item__title .gs-iconafter{transform:rotate(0)}.gs-accordion .gs-accordion-item__title span.iconfortoggle .gs-iconafter,.gs-accordion .gs-accordion-item__title span.iconfortoggle .gs-iconbefore{content:'';width:14px;height:2px;border-radius:2px;background-color:#111;position:absolute;top:6px;left:0}.gs-accordion .gs-accordion-item__title span.iconfortoggle .gs-iconafter{transform:rotate(90deg);transition:all .3s ease-in-out}","_monsterinsights_skip_tracking":false,"_monsterinsights_sitenote_active":false,"_monsterinsights_sitenote_note":"","_monsterinsights_sitenote_category":0,"footnotes":""},"class_list":["post-152","page","type-page","status-publish","hentry"],"_links":{"self":[{"href":"https:\/\/site.flagstats.app\/pt\/wp-json\/wp\/v2\/pages\/152","targetHints":{"allow":["GET"]}}],"collection":[{"href":"https:\/\/site.flagstats.app\/pt\/wp-json\/wp\/v2\/pages"}],"about":[{"href":"https:\/\/site.flagstats.app\/pt\/wp-json\/wp\/v2\/types\/page"}],"author":[{"embeddable":true,"href":"https:\/\/site.flagstats.app\/pt\/wp-json\/wp\/v2\/users\/1"}],"replies":[{"embeddable":true,"href":"https:\/\/site.flagstats.app\/pt\/wp-json\/wp\/v2\/comments?post=152"}],"version-history":[{"count":2,"href":"https:\/\/site.flagstats.app\/pt\/wp-json\/wp\/v2\/pages\/152\/revisions"}],"predecessor-version":[{"id":156,"href":"https:\/\/site.flagstats.app\/pt\/wp-json\/wp\/v2\/pages\/152\/revisions\/156"}],"wp:attachment":[{"href":"https:\/\/site.flagstats.app\/pt\/wp-json\/wp\/v2\/media?parent=152"}],"curies":[{"name":"wp","href":"https:\/\/api.w.org\/{rel}","templated":true}]}}